{"id":109,"date":"2022-03-15T00:27:15","date_gmt":"2022-03-15T03:27:15","guid":{"rendered":"https:\/\/megadriveanos.com.br\/?page_id=109"},"modified":"2022-03-15T00:27:15","modified_gmt":"2022-03-15T03:27:15","slug":"videos","status":"publish","type":"page","link":"https:\/\/megadriveanos.com.br\/?page_id=109","title":{"rendered":"V\u00eddeos"},"content":{"rendered":"\n<p><strong>P\u00e1gina em constru\u00e7\u00e3o.<\/strong><br>Em breve estar\u00e1 dispon\u00edvel. Aguardem! \ud83d\ude42<\/p>\n\n\n\n<figure class=\"wp-block-image size-full\"><img loading=\"lazy\" decoding=\"async\" width=\"560\" height=\"250\" src=\"https:\/\/megadriveanos.com.br\/wp-content\/uploads\/2022\/03\/construcao.webp\" alt=\"\" class=\"wp-image-97\" srcset=\"https:\/\/megadriveanos.com.br\/wp-content\/uploads\/2022\/03\/construcao.webp 560w, https:\/\/megadriveanos.com.br\/wp-content\/uploads\/2022\/03\/construcao-300x134.webp 300w\" sizes=\"auto, (max-width: 560px) 100vw, 560px\" \/><\/figure>\n","protected":false},"excerpt":{"rendered":"<p>P\u00e1gina em constru\u00e7\u00e3o.Em breve estar\u00e1 dispon\u00edvel. Aguardem! \ud83d\ude42<\/p>\n","protected":false},"author":1,"featured_media":0,"parent":0,"menu_order":0,"comment_status":"closed","ping_status":"closed","template":"","meta":{"footnotes":""},"coauthors":[],"class_list":["post-109","page","type-page","status-publish","hentry"],"yoast_head":"<!-- This site is optimized with the Yoast SEO plugin v25.0 - https:\/\/yoast.com\/wordpress\/plugins\/seo\/ -->\n<title>V\u00eddeos - MEGADRIVEANOS<\/title>\n<meta name=\"robots\" content=\"index, follow, max-snippet:-1, max-image-preview:large, max-video-preview:-1\" \/>\n<link rel=\"canonical\" href=\"https:\/\/megadriveanos.com.br\/?page_id=109\" \/>\n<meta property=\"og:locale\" content=\"en_US\" \/>\n<meta property=\"og:type\" content=\"article\" \/>\n<meta property=\"og:title\" content=\"V\u00eddeos - MEGADRIVEANOS\" \/>\n<meta property=\"og:description\" content=\"P\u00e1gina em constru\u00e7\u00e3o.Em breve estar\u00e1 dispon\u00edvel. Aguardem! \ud83d\ude42\" \/>\n<meta property=\"og:url\" content=\"https:\/\/megadriveanos.com.br\/?page_id=109\" \/>\n<meta property=\"og:site_name\" content=\"MEGADRIVEANOS\" \/>\n<meta property=\"og:image\" content=\"http:\/\/megadriveanos.com.br\/wp-content\/uploads\/2022\/03\/construcao.webp\" \/>\n<meta name=\"twitter:card\" content=\"summary_large_image\" \/>\n<meta name=\"twitter:label1\" content=\"Written by\" \/>\n\t<meta name=\"twitter:data1\" content=\"Carlos Almeida\" \/>\n<script type=\"application\/ld+json\" class=\"yoast-schema-graph\">{\"@context\":\"https:\/\/schema.org\",\"@graph\":[{\"@type\":\"WebPage\",\"@id\":\"https:\/\/megadriveanos.com.br\/?page_id=109\",\"url\":\"https:\/\/megadriveanos.com.br\/?page_id=109\",\"name\":\"V\u00eddeos - MEGADRIVEANOS\",\"isPartOf\":{\"@id\":\"https:\/\/megadriveanos.com.br\/#website\"},\"primaryImageOfPage\":{\"@id\":\"https:\/\/megadriveanos.com.br\/?page_id=109#primaryimage\"},\"image\":{\"@id\":\"https:\/\/megadriveanos.com.br\/?page_id=109#primaryimage\"},\"thumbnailUrl\":\"http:\/\/megadriveanos.com.br\/wp-content\/uploads\/2022\/03\/construcao.webp\",\"datePublished\":\"2022-03-15T03:27:15+00:00\",\"breadcrumb\":{\"@id\":\"https:\/\/megadriveanos.com.br\/?page_id=109#breadcrumb\"},\"inLanguage\":\"en-US\",\"potentialAction\":[{\"@type\":\"ReadAction\",\"target\":[\"https:\/\/megadriveanos.com.br\/?page_id=109\"]}]},{\"@type\":\"ImageObject\",\"inLanguage\":\"en-US\",\"@id\":\"https:\/\/megadriveanos.com.br\/?page_id=109#primaryimage\",\"url\":\"https:\/\/megadriveanos.com.br\/wp-content\/uploads\/2022\/03\/construcao.webp\",\"contentUrl\":\"https:\/\/megadriveanos.com.br\/wp-content\/uploads\/2022\/03\/construcao.webp\",\"width\":560,\"height\":250},{\"@type\":\"BreadcrumbList\",\"@id\":\"https:\/\/megadriveanos.com.br\/?page_id=109#breadcrumb\",\"itemListElement\":[{\"@type\":\"ListItem\",\"position\":1,\"name\":\"In\u00edcio\",\"item\":\"https:\/\/megadriveanos.com.br\/\"},{\"@type\":\"ListItem\",\"position\":2,\"name\":\"V\u00eddeos\"}]},{\"@type\":\"WebSite\",\"@id\":\"https:\/\/megadriveanos.com.br\/#website\",\"url\":\"https:\/\/megadriveanos.com.br\/\",\"name\":\"MEGADRIVEANOS\",\"description\":\"APAIXONADOS PELO TODO PODEROSO MEG\u00c3O!\",\"potentialAction\":[{\"@type\":\"SearchAction\",\"target\":{\"@type\":\"EntryPoint\",\"urlTemplate\":\"https:\/\/megadriveanos.com.br\/?s={search_term_string}\"},\"query-input\":{\"@type\":\"PropertyValueSpecification\",\"valueRequired\":true,\"valueName\":\"search_term_string\"}}],\"inLanguage\":\"en-US\"}]}<\/script>\n<!-- \/ Yoast SEO plugin. -->","yoast_head_json":{"title":"V\u00eddeos - MEGADRIVEANOS","robots":{"index":"index","follow":"follow","max-snippet":"max-snippet:-1","max-image-preview":"max-image-preview:large","max-video-preview":"max-video-preview:-1"},"canonical":"https:\/\/megadriveanos.com.br\/?page_id=109","og_locale":"en_US","og_type":"article","og_title":"V\u00eddeos - MEGADRIVEANOS","og_description":"P\u00e1gina em constru\u00e7\u00e3o.Em breve estar\u00e1 dispon\u00edvel. Aguardem! \ud83d\ude42","og_url":"https:\/\/megadriveanos.com.br\/?page_id=109","og_site_name":"MEGADRIVEANOS","og_image":[{"url":"http:\/\/megadriveanos.com.br\/wp-content\/uploads\/2022\/03\/construcao.webp","type":"","width":"","height":""}],"twitter_card":"summary_large_image","twitter_misc":{"Written by":"Carlos Almeida"},"schema":{"@context":"https:\/\/schema.org","@graph":[{"@type":"WebPage","@id":"https:\/\/megadriveanos.com.br\/?page_id=109","url":"https:\/\/megadriveanos.com.br\/?page_id=109","name":"V\u00eddeos - MEGADRIVEANOS","isPartOf":{"@id":"https:\/\/megadriveanos.com.br\/#website"},"primaryImageOfPage":{"@id":"https:\/\/megadriveanos.com.br\/?page_id=109#primaryimage"},"image":{"@id":"https:\/\/megadriveanos.com.br\/?page_id=109#primaryimage"},"thumbnailUrl":"http:\/\/megadriveanos.com.br\/wp-content\/uploads\/2022\/03\/construcao.webp","datePublished":"2022-03-15T03:27:15+00:00","breadcrumb":{"@id":"https:\/\/megadriveanos.com.br\/?page_id=109#breadcrumb"},"inLanguage":"en-US","potentialAction":[{"@type":"ReadAction","target":["https:\/\/megadriveanos.com.br\/?page_id=109"]}]},{"@type":"ImageObject","inLanguage":"en-US","@id":"https:\/\/megadriveanos.com.br\/?page_id=109#primaryimage","url":"https:\/\/megadriveanos.com.br\/wp-content\/uploads\/2022\/03\/construcao.webp","contentUrl":"https:\/\/megadriveanos.com.br\/wp-content\/uploads\/2022\/03\/construcao.webp","width":560,"height":250},{"@type":"BreadcrumbList","@id":"https:\/\/megadriveanos.com.br\/?page_id=109#breadcrumb","itemListElement":[{"@type":"ListItem","position":1,"name":"In\u00edcio","item":"https:\/\/megadriveanos.com.br\/"},{"@type":"ListItem","position":2,"name":"V\u00eddeos"}]},{"@type":"WebSite","@id":"https:\/\/megadriveanos.com.br\/#website","url":"https:\/\/megadriveanos.com.br\/","name":"MEGADRIVEANOS","description":"APAIXONADOS PELO TODO PODEROSO MEG\u00c3O!","potentialAction":[{"@type":"SearchAction","target":{"@type":"EntryPoint","urlTemplate":"https:\/\/megadriveanos.com.br\/?s={search_term_string}"},"query-input":{"@type":"PropertyValueSpecification","valueRequired":true,"valueName":"search_term_string"}}],"inLanguage":"en-US"}]}},"_links":{"self":[{"href":"https:\/\/megadriveanos.com.br\/index.php?rest_route=\/wp\/v2\/pages\/109","targetHints":{"allow":["GET"]}}],"collection":[{"href":"https:\/\/megadriveanos.com.br\/index.php?rest_route=\/wp\/v2\/pages"}],"about":[{"href":"https:\/\/megadriveanos.com.br\/index.php?rest_route=\/wp\/v2\/types\/page"}],"author":[{"embeddable":true,"href":"https:\/\/megadriveanos.com.br\/index.php?rest_route=\/wp\/v2\/users\/1"}],"replies":[{"embeddable":true,"href":"https:\/\/megadriveanos.com.br\/index.php?rest_route=%2Fwp%2Fv2%2Fcomments&post=109"}],"version-history":[{"count":2,"href":"https:\/\/megadriveanos.com.br\/index.php?rest_route=\/wp\/v2\/pages\/109\/revisions"}],"predecessor-version":[{"id":131,"href":"https:\/\/megadriveanos.com.br\/index.php?rest_route=\/wp\/v2\/pages\/109\/revisions\/131"}],"wp:attachment":[{"href":"https:\/\/megadriveanos.com.br\/index.php?rest_route=%2Fwp%2Fv2%2Fmedia&parent=109"}],"wp:term":[{"taxonomy":"author","embeddable":true,"href":"https:\/\/megadriveanos.com.br\/index.php?rest_route=%2Fwp%2Fv2%2Fcoauthors&post=109"}],"curies":[{"name":"wp","href":"https:\/\/api.w.org\/{rel}","templated":true}]}}