{"id":99,"date":"2022-03-15T00:23:02","date_gmt":"2022-03-15T03:23:02","guid":{"rendered":"https:\/\/megadriveanos.com.br\/?page_id=99"},"modified":"2022-06-09T01:57:22","modified_gmt":"2022-06-09T04:57:22","slug":"apoiadores","status":"publish","type":"page","link":"https:\/\/megadriveanos.com.br\/?page_id=99","title":{"rendered":"APOIADORES"},"content":{"rendered":"\n<p>O <strong><a href=\"http:\/\/youtube.com\/megadriveanos\" data-type=\"URL\" data-id=\"youtube.com\/megadriveanos\">Megadriveanos<\/a><\/strong> \u00e9 feio <strong>POR<\/strong> e <strong>PARA<\/strong> todos voc\u00eas!<br>Desde j\u00e1, fica meu muito obrigado \u00e0 todos voc\u00eas que (antes de apoiadores) s\u00e3o grandes amigos que sim como eu, s\u00e3o apaixonados pelo nosso todo poderoso Meg\u00e3o! &lt;3<br><\/p>\n\n\n\n<p>Alex dos Santos<br>Alexsandro Vinicius Mendes<br>arteconceitual<br>Bruno Carlos<br>Bruno Rezende<br>Cabelo Cromado<br>Canal Gamebit<br>Carlos Eduardo Rodrigues Pereira<br>Cleide de Almeida Lima<br>colorlessbalance<br>Daniel Gravina Gomes<br>Eidy Tasaka<br>\u00c9rico Moreno<br>Fabyano A C Lopes<br>Franco Simsen dos Santos<br>francosimsen<br>Genesis Fight Engine<br>Gilmar Hansen<br>Guilherme Eduardo Arduino Diniz<br>Isaac Aubert de Ara\u00fajo barros<br>jmgf1978<br>Josu\u00e9 F. Oliveira<br>Kleber Leonard Diniz<br>Laudelino<br>Leonardo Novaes Wenceslau Sousa<br>Luiz Santiago<br>madegeremias<br>Mael Retr\u00f4 RPG<br>mael_retro_rpg<br>marcelino pinheiro barbosa<br>Marcos Vin\u00edcius Rodrigues<br>Matias Junior<br>Mauricio Freixinho Belmonte<br>Rafael Dilen<br>Rafael Eduardo Souza<br>Rafael Teles de Menezes<br>Renato (NATO) Silva dos Santos<br>Retro X Eletronics<br>rezende_cavalaria<br>Rodrigo Miguel<br>Ronaldo_ N__POA-RS<br>sittaman<br>Tulio Dias<br>Volinadsky<br>Wallace Wong<br>Wellington Santos<\/p>\n","protected":false},"excerpt":{"rendered":"<p>O Megadriveanos \u00e9 feio POR e PARA todos voc\u00eas!Desde j\u00e1, fica meu muito obrigado \u00e0 todos voc\u00eas que (antes de&hellip;<\/p>\n","protected":false},"author":1,"featured_media":0,"parent":0,"menu_order":0,"comment_status":"closed","ping_status":"closed","template":"","meta":{"footnotes":""},"coauthors":[],"class_list":["post-99","page","type-page","status-publish","hentry"],"yoast_head":"<!-- This site is optimized with the Yoast SEO plugin v25.0 - https:\/\/yoast.com\/wordpress\/plugins\/seo\/ -->\n<title>APOIADORES - MEGADRIVEANOS<\/title>\n<meta name=\"robots\" content=\"index, follow, max-snippet:-1, max-image-preview:large, max-video-preview:-1\" \/>\n<link rel=\"canonical\" href=\"https:\/\/megadriveanos.com.br\/?page_id=99\" \/>\n<meta property=\"og:locale\" content=\"en_US\" \/>\n<meta property=\"og:type\" content=\"article\" \/>\n<meta property=\"og:title\" content=\"APOIADORES - MEGADRIVEANOS\" \/>\n<meta property=\"og:description\" content=\"O Megadriveanos \u00e9 feio POR e PARA todos voc\u00eas!Desde j\u00e1, fica meu muito obrigado \u00e0 todos voc\u00eas que (antes de&hellip;\" \/>\n<meta property=\"og:url\" content=\"https:\/\/megadriveanos.com.br\/?page_id=99\" \/>\n<meta property=\"og:site_name\" content=\"MEGADRIVEANOS\" \/>\n<meta property=\"article:modified_time\" content=\"2022-06-09T04:57:22+00:00\" \/>\n<meta name=\"twitter:card\" content=\"summary_large_image\" \/>\n<meta name=\"twitter:label1\" content=\"Est. reading time\" \/>\n\t<meta name=\"twitter:data1\" content=\"1 minute\" \/>\n\t<meta name=\"twitter:label2\" content=\"Written by\" \/>\n\t<meta name=\"twitter:data2\" content=\"Carlos Almeida\" \/>\n<script type=\"application\/ld+json\" class=\"yoast-schema-graph\">{\"@context\":\"https:\/\/schema.org\",\"@graph\":[{\"@type\":\"WebPage\",\"@id\":\"https:\/\/megadriveanos.com.br\/?page_id=99\",\"url\":\"https:\/\/megadriveanos.com.br\/?page_id=99\",\"name\":\"APOIADORES - MEGADRIVEANOS\",\"isPartOf\":{\"@id\":\"https:\/\/megadriveanos.com.br\/#website\"},\"datePublished\":\"2022-03-15T03:23:02+00:00\",\"dateModified\":\"2022-06-09T04:57:22+00:00\",\"breadcrumb\":{\"@id\":\"https:\/\/megadriveanos.com.br\/?page_id=99#breadcrumb\"},\"inLanguage\":\"en-US\",\"potentialAction\":[{\"@type\":\"ReadAction\",\"target\":[\"https:\/\/megadriveanos.com.br\/?page_id=99\"]}]},{\"@type\":\"BreadcrumbList\",\"@id\":\"https:\/\/megadriveanos.com.br\/?page_id=99#breadcrumb\",\"itemListElement\":[{\"@type\":\"ListItem\",\"position\":1,\"name\":\"In\u00edcio\",\"item\":\"https:\/\/megadriveanos.com.br\/\"},{\"@type\":\"ListItem\",\"position\":2,\"name\":\"APOIADORES\"}]},{\"@type\":\"WebSite\",\"@id\":\"https:\/\/megadriveanos.com.br\/#website\",\"url\":\"https:\/\/megadriveanos.com.br\/\",\"name\":\"MEGADRIVEANOS\",\"description\":\"APAIXONADOS PELO TODO PODEROSO MEG\u00c3O!\",\"potentialAction\":[{\"@type\":\"SearchAction\",\"target\":{\"@type\":\"EntryPoint\",\"urlTemplate\":\"https:\/\/megadriveanos.com.br\/?s={search_term_string}\"},\"query-input\":{\"@type\":\"PropertyValueSpecification\",\"valueRequired\":true,\"valueName\":\"search_term_string\"}}],\"inLanguage\":\"en-US\"}]}<\/script>\n<!-- \/ Yoast SEO plugin. -->","yoast_head_json":{"title":"APOIADORES - MEGADRIVEANOS","robots":{"index":"index","follow":"follow","max-snippet":"max-snippet:-1","max-image-preview":"max-image-preview:large","max-video-preview":"max-video-preview:-1"},"canonical":"https:\/\/megadriveanos.com.br\/?page_id=99","og_locale":"en_US","og_type":"article","og_title":"APOIADORES - MEGADRIVEANOS","og_description":"O Megadriveanos \u00e9 feio POR e PARA todos voc\u00eas!Desde j\u00e1, fica meu muito obrigado \u00e0 todos voc\u00eas que (antes de&hellip;","og_url":"https:\/\/megadriveanos.com.br\/?page_id=99","og_site_name":"MEGADRIVEANOS","article_modified_time":"2022-06-09T04:57:22+00:00","twitter_card":"summary_large_image","twitter_misc":{"Est. reading time":"1 minute","Written by":"Carlos Almeida"},"schema":{"@context":"https:\/\/schema.org","@graph":[{"@type":"WebPage","@id":"https:\/\/megadriveanos.com.br\/?page_id=99","url":"https:\/\/megadriveanos.com.br\/?page_id=99","name":"APOIADORES - MEGADRIVEANOS","isPartOf":{"@id":"https:\/\/megadriveanos.com.br\/#website"},"datePublished":"2022-03-15T03:23:02+00:00","dateModified":"2022-06-09T04:57:22+00:00","breadcrumb":{"@id":"https:\/\/megadriveanos.com.br\/?page_id=99#breadcrumb"},"inLanguage":"en-US","potentialAction":[{"@type":"ReadAction","target":["https:\/\/megadriveanos.com.br\/?page_id=99"]}]},{"@type":"BreadcrumbList","@id":"https:\/\/megadriveanos.com.br\/?page_id=99#breadcrumb","itemListElement":[{"@type":"ListItem","position":1,"name":"In\u00edcio","item":"https:\/\/megadriveanos.com.br\/"},{"@type":"ListItem","position":2,"name":"APOIADORES"}]},{"@type":"WebSite","@id":"https:\/\/megadriveanos.com.br\/#website","url":"https:\/\/megadriveanos.com.br\/","name":"MEGADRIVEANOS","description":"APAIXONADOS PELO TODO PODEROSO MEG\u00c3O!","potentialAction":[{"@type":"SearchAction","target":{"@type":"EntryPoint","urlTemplate":"https:\/\/megadriveanos.com.br\/?s={search_term_string}"},"query-input":{"@type":"PropertyValueSpecification","valueRequired":true,"valueName":"search_term_string"}}],"inLanguage":"en-US"}]}},"_links":{"self":[{"href":"https:\/\/megadriveanos.com.br\/index.php?rest_route=\/wp\/v2\/pages\/99","targetHints":{"allow":["GET"]}}],"collection":[{"href":"https:\/\/megadriveanos.com.br\/index.php?rest_route=\/wp\/v2\/pages"}],"about":[{"href":"https:\/\/megadriveanos.com.br\/index.php?rest_route=\/wp\/v2\/types\/page"}],"author":[{"embeddable":true,"href":"https:\/\/megadriveanos.com.br\/index.php?rest_route=\/wp\/v2\/users\/1"}],"replies":[{"embeddable":true,"href":"https:\/\/megadriveanos.com.br\/index.php?rest_route=%2Fwp%2Fv2%2Fcomments&post=99"}],"version-history":[{"count":3,"href":"https:\/\/megadriveanos.com.br\/index.php?rest_route=\/wp\/v2\/pages\/99\/revisions"}],"predecessor-version":[{"id":283,"href":"https:\/\/megadriveanos.com.br\/index.php?rest_route=\/wp\/v2\/pages\/99\/revisions\/283"}],"wp:attachment":[{"href":"https:\/\/megadriveanos.com.br\/index.php?rest_route=%2Fwp%2Fv2%2Fmedia&parent=99"}],"wp:term":[{"taxonomy":"author","embeddable":true,"href":"https:\/\/megadriveanos.com.br\/index.php?rest_route=%2Fwp%2Fv2%2Fcoauthors&post=99"}],"curies":[{"name":"wp","href":"https:\/\/api.w.org\/{rel}","templated":true}]}}